{"id":5058,"date":"2022-01-25T21:33:23","date_gmt":"2022-01-25T21:33:23","guid":{"rendered":"https:\/\/relajatuvida.com\/?post_type=product&#038;p=5058"},"modified":"2022-01-31T00:34:54","modified_gmt":"2022-01-31T00:34:54","slug":"masaje-holistico","status":"publish","type":"product","link":"https:\/\/relajatuvida.com\/index.php\/producto\/masaje-holistico\/","title":{"rendered":"Masaje Hol\u00edstico"},"content":{"rendered":"<p>El enfoque hol\u00edstico se caracteriza por una profunda comprensi\u00f3n y visi\u00f3n total del ser humano como una unidad formada por las partes f\u00edsica, emocional y espiritual. La t\u00e9cnica del masaje hol\u00edstico acerca al practicante al descubrimiento de su propio ser, su creatividad, su conciencia y su energ\u00eda, por lo tanto al descubrimiento de sus capacidades de proporcionar salud y bienestar.<\/p>\n<p>Los beneficios que obtenemos de este tipo de masaje es la relajaci\u00f3n de la tensi\u00f3n muscular, el equilibro de nuestra mente, con el cuerpo, y con nuestro esp\u00edritu. Es un masaje con mucho contacto con la energ\u00eda de nuestro cuerpo y esp\u00edritu, recibir este tipo de masaje es toda una experiencia para sentirse mejor.<\/p>\n<p>Duraci\u00f3n: 1 hora con 30 minutos.<\/p>\n","protected":false},"excerpt":{"rendered":"<p>Si buscas relajarte este es para ti, en un ambiente relajado con m\u00fasica y aromaterapia<\/p>\n","protected":false},"featured_media":5072,"comment_status":"open","ping_status":"closed","template":"","meta":{"_seopress_robots_primary_cat":"none","_seopress_titles_title":"","_seopress_titles_desc":"","_seopress_robots_index":"","_et_pb_use_builder":"","_et_pb_old_content":"","_et_gb_content_width":"","_monsterinsights_skip_tracking":false,"_monsterinsights_sitenote_active":false,"_monsterinsights_sitenote_note":"","_monsterinsights_sitenote_category":0},"product_brand":[],"product_cat":[70],"product_tag":[],"class_list":{"0":"post-5058","1":"product","2":"type-product","3":"status-publish","4":"has-post-thumbnail","6":"product_cat-masajes-que-benefician-a-la-relajacion-muscular","7":"pif-has-gallery","9":"first","10":"instock","11":"virtual","12":"purchasable","13":"product-type-simple"},"jetpack_sharing_enabled":true,"_links":{"self":[{"href":"https:\/\/relajatuvida.com\/index.php\/wp-json\/wp\/v2\/product\/5058","targetHints":{"allow":["GET"]}}],"collection":[{"href":"https:\/\/relajatuvida.com\/index.php\/wp-json\/wp\/v2\/product"}],"about":[{"href":"https:\/\/relajatuvida.com\/index.php\/wp-json\/wp\/v2\/types\/product"}],"replies":[{"embeddable":true,"href":"https:\/\/relajatuvida.com\/index.php\/wp-json\/wp\/v2\/comments?post=5058"}],"wp:featuredmedia":[{"embeddable":true,"href":"https:\/\/relajatuvida.com\/index.php\/wp-json\/wp\/v2\/media\/5072"}],"wp:attachment":[{"href":"https:\/\/relajatuvida.com\/index.php\/wp-json\/wp\/v2\/media?parent=5058"}],"wp:term":[{"taxonomy":"product_brand","embeddable":true,"href":"https:\/\/relajatuvida.com\/index.php\/wp-json\/wp\/v2\/product_brand?post=5058"},{"taxonomy":"product_cat","embeddable":true,"href":"https:\/\/relajatuvida.com\/index.php\/wp-json\/wp\/v2\/product_cat?post=5058"},{"taxonomy":"product_tag","embeddable":true,"href":"https:\/\/relajatuvida.com\/index.php\/wp-json\/wp\/v2\/product_tag?post=5058"}],"curies":[{"name":"wp","href":"https:\/\/api.w.org\/{rel}","templated":true}]}}