{"id":5060,"date":"2022-01-25T21:33:23","date_gmt":"2022-01-25T21:33:23","guid":{"rendered":"https:\/\/relajatuvida.com\/?post_type=product&#038;p=5060"},"modified":"2022-01-30T03:04:52","modified_gmt":"2022-01-30T03:04:52","slug":"masaje-deportivo-de-descarga","status":"publish","type":"product","link":"https:\/\/relajatuvida.com\/index.php\/producto\/masaje-deportivo-de-descarga\/","title":{"rendered":"Masaje Deportivo de Descarga"},"content":{"rendered":"<p>La actividad f\u00edsica de los deportistas necesita mantenimiento, para relajar los m\u00fasculos sobre ejercitados, muchos deportistas al terminar sus ejercicios se le olvida enfriar y estirar, esto es muy importante para mantener los m\u00fasculos sanos, el sobre ejercitarlos es malo. Este tipo de masaje ayuda a que el cuerpo se recupere m\u00e1s pronto del esfuerzo al hacer mucho ejercicio, el masaje de mantenimiento que puede ser de una vez por semana o por lo menos una vez al mes, puede ayudar a sentirnos mejor y rendir mejor mientras corremos.<\/p>\n","protected":false},"excerpt":{"rendered":"<p>Este masaje es el ideal para sentirte bien cuando haces mucho ejercicio y lograr la relajaci\u00f3n despu\u00e9s de varios d\u00edas de hacer ejercicio<\/p>\n","protected":false},"featured_media":5080,"comment_status":"open","ping_status":"closed","template":"","meta":{"_seopress_robots_primary_cat":"none","_seopress_titles_title":"","_seopress_titles_desc":"","_seopress_robots_index":"","_et_pb_use_builder":"off","_et_pb_old_content":"La actividad f\u00edsica de los deportistas necesita mantenimiento, para relajar los m\u00fasculos sobre ejercitados, muchos deportistas al terminar sus ejercicios se le olvida enfriar y estirar, esto es muy importante para mantener los m\u00fasculos sanos, el sobre ejercitarlos es malo. Este tipo de masaje ayuda a que el cuerpo se recupere m\u00e1s pronto del esfuerzo al hacer mucho ejercicio, el masaje de mantenimiento que puede ser de una vez por semana o por lo menos una vez al mes, puede ayudar a sentirnos mejor y rendir mejor mientras corremos.","_et_gb_content_width":"","_monsterinsights_skip_tracking":false,"_monsterinsights_sitenote_active":false,"_monsterinsights_sitenote_note":"","_monsterinsights_sitenote_category":0},"product_brand":[],"product_cat":[70],"product_tag":[],"class_list":{"0":"post-5060","1":"product","2":"type-product","3":"status-publish","4":"has-post-thumbnail","6":"product_cat-masajes-que-benefician-a-la-relajacion-muscular","7":"pif-has-gallery","9":"first","10":"instock","11":"featured","12":"virtual","13":"purchasable","14":"product-type-simple"},"jetpack_sharing_enabled":true,"_links":{"self":[{"href":"https:\/\/relajatuvida.com\/index.php\/wp-json\/wp\/v2\/product\/5060","targetHints":{"allow":["GET"]}}],"collection":[{"href":"https:\/\/relajatuvida.com\/index.php\/wp-json\/wp\/v2\/product"}],"about":[{"href":"https:\/\/relajatuvida.com\/index.php\/wp-json\/wp\/v2\/types\/product"}],"replies":[{"embeddable":true,"href":"https:\/\/relajatuvida.com\/index.php\/wp-json\/wp\/v2\/comments?post=5060"}],"wp:featuredmedia":[{"embeddable":true,"href":"https:\/\/relajatuvida.com\/index.php\/wp-json\/wp\/v2\/media\/5080"}],"wp:attachment":[{"href":"https:\/\/relajatuvida.com\/index.php\/wp-json\/wp\/v2\/media?parent=5060"}],"wp:term":[{"taxonomy":"product_brand","embeddable":true,"href":"https:\/\/relajatuvida.com\/index.php\/wp-json\/wp\/v2\/product_brand?post=5060"},{"taxonomy":"product_cat","embeddable":true,"href":"https:\/\/relajatuvida.com\/index.php\/wp-json\/wp\/v2\/product_cat?post=5060"},{"taxonomy":"product_tag","embeddable":true,"href":"https:\/\/relajatuvida.com\/index.php\/wp-json\/wp\/v2\/product_tag?post=5060"}],"curies":[{"name":"wp","href":"https:\/\/api.w.org\/{rel}","templated":true}]}}