{"id":5062,"date":"2022-01-25T21:33:23","date_gmt":"2022-01-25T21:33:23","guid":{"rendered":"https:\/\/relajatuvida.com\/?post_type=product&#038;p=5062"},"modified":"2024-07-13T02:30:23","modified_gmt":"2024-07-13T02:30:23","slug":"masaje-tejido-profundo","status":"publish","type":"product","link":"https:\/\/relajatuvida.com\/index.php\/producto\/masaje-tejido-profundo\/","title":{"rendered":"Masaje Tejido Profundo"},"content":{"rendered":"<p>Este tipo de masaje es del tipo terap\u00e9utico ayuda a la relajaci\u00f3n muscular y el flujo sangu\u00edneo, quita de una manera efectiva los dolores cr\u00f3nicos musculares, es un buen complemento para la terapia f\u00edsica.<\/p>\n<p>Este masaje es recomendable para las personas que les gusta los masajes fuertes y profundos<\/p>\n","protected":false},"excerpt":{"rendered":"<p>Este tipo de masaje es del tipo terap\u00e9utico ayuda a la relajaci\u00f3n muscular y el flujo sangu\u00edneo, quita de una manera efectiva los dolores cr\u00f3nicos musculares, es un buen complemento para la terapia f\u00edsica.<\/p>\n","protected":false},"featured_media":5088,"comment_status":"open","ping_status":"closed","template":"","meta":{"_seopress_robots_primary_cat":"none","_seopress_titles_title":"","_seopress_titles_desc":"","_seopress_robots_index":"","_et_pb_use_builder":"","_et_pb_old_content":"","_et_gb_content_width":"","_monsterinsights_skip_tracking":false,"_monsterinsights_sitenote_active":false,"_monsterinsights_sitenote_note":"","_monsterinsights_sitenote_category":0},"product_brand":[],"product_cat":[70],"product_tag":[],"class_list":{"0":"post-5062","1":"product","2":"type-product","3":"status-publish","4":"has-post-thumbnail","6":"product_cat-masajes-que-benefician-a-la-relajacion-muscular","7":"pif-has-gallery","9":"first","10":"instock","11":"featured","12":"virtual","13":"purchasable","14":"product-type-simple"},"jetpack_sharing_enabled":true,"_links":{"self":[{"href":"https:\/\/relajatuvida.com\/index.php\/wp-json\/wp\/v2\/product\/5062","targetHints":{"allow":["GET"]}}],"collection":[{"href":"https:\/\/relajatuvida.com\/index.php\/wp-json\/wp\/v2\/product"}],"about":[{"href":"https:\/\/relajatuvida.com\/index.php\/wp-json\/wp\/v2\/types\/product"}],"replies":[{"embeddable":true,"href":"https:\/\/relajatuvida.com\/index.php\/wp-json\/wp\/v2\/comments?post=5062"}],"wp:featuredmedia":[{"embeddable":true,"href":"https:\/\/relajatuvida.com\/index.php\/wp-json\/wp\/v2\/media\/5088"}],"wp:attachment":[{"href":"https:\/\/relajatuvida.com\/index.php\/wp-json\/wp\/v2\/media?parent=5062"}],"wp:term":[{"taxonomy":"product_brand","embeddable":true,"href":"https:\/\/relajatuvida.com\/index.php\/wp-json\/wp\/v2\/product_brand?post=5062"},{"taxonomy":"product_cat","embeddable":true,"href":"https:\/\/relajatuvida.com\/index.php\/wp-json\/wp\/v2\/product_cat?post=5062"},{"taxonomy":"product_tag","embeddable":true,"href":"https:\/\/relajatuvida.com\/index.php\/wp-json\/wp\/v2\/product_tag?post=5062"}],"curies":[{"name":"wp","href":"https:\/\/api.w.org\/{rel}","templated":true}]}}