{"id":5064,"date":"2022-01-25T21:33:23","date_gmt":"2022-01-25T21:33:23","guid":{"rendered":"https:\/\/relajatuvida.com\/?post_type=product&#038;p=5064"},"modified":"2022-01-30T02:03:42","modified_gmt":"2022-01-30T02:03:42","slug":"miel-de-abeja-de-guapinol","status":"publish","type":"product","link":"https:\/\/relajatuvida.com\/index.php\/producto\/miel-de-abeja-de-guapinol\/","title":{"rendered":"Miel de Abeja de Guapinol"},"content":{"rendered":"<p>El \u00e1rbol de guapinol tiene muchas propiedades curativas y sus flores generan un fruto parecido al caf\u00e9, Este \u00e1rbol lo podemos encontrar en la zona de Oaxaca.<\/p>\n<p>De las flores el \u00e1rbol de guapinol\u00a0 las abejas producen la miel dando una apariencia diferente a la miel que normalmente vemos en el super o en el mercado.<\/p>\n<p>Si te gusta la miel de abeja, es momento de probar una miel diferente, con un rico sabor.<\/p>\n<p>El adquirir esta miel apoyas a los apicultores de Oaxaca, que cuidan de las abejas, para que podamos seguir disfrutando de los productos que nos proporciona la naturaleza, y que cada miel tiene un sabor diferente dependiendo de la flor.<\/p>\n<p>&nbsp;<\/p>\n<p>&nbsp;<\/p>\n","protected":false},"excerpt":{"rendered":"<p>El \u00e1rbol de guapinol tiene muchas propiedades curativas y sus flores generan un fruto parecido al caf\u00e9, Este \u00e1rbol lo podemos encontrar en la zona de Oaxaca.<\/p>\n<p>De las flores el \u00e1rbol de guapinol\u00a0 las abejas producen la miel dando una apariencia diferente a la miel que normalmente vemos en el super o en el mercado.<\/p>\n<p>Es una miel muy rica en su sabor diferente\u00a0 por el \u00e1rbol donde se obtiene la miel.<\/p>\n","protected":false},"featured_media":5093,"comment_status":"open","ping_status":"closed","template":"","meta":{"_seopress_robots_primary_cat":"none","_seopress_titles_title":"","_seopress_titles_desc":"","_seopress_robots_index":"","_et_pb_use_builder":"","_et_pb_old_content":"","_et_gb_content_width":"","_monsterinsights_skip_tracking":false,"_monsterinsights_sitenote_active":false,"_monsterinsights_sitenote_note":"","_monsterinsights_sitenote_category":0},"product_brand":[],"product_cat":[72],"product_tag":[],"class_list":{"0":"post-5064","1":"product","2":"type-product","3":"status-publish","4":"has-post-thumbnail","6":"product_cat-miel-de-abeja","7":"pif-has-gallery","9":"first","10":"instock","11":"shipping-taxable","12":"purchasable","13":"product-type-simple"},"jetpack_sharing_enabled":true,"_links":{"self":[{"href":"https:\/\/relajatuvida.com\/index.php\/wp-json\/wp\/v2\/product\/5064","targetHints":{"allow":["GET"]}}],"collection":[{"href":"https:\/\/relajatuvida.com\/index.php\/wp-json\/wp\/v2\/product"}],"about":[{"href":"https:\/\/relajatuvida.com\/index.php\/wp-json\/wp\/v2\/types\/product"}],"replies":[{"embeddable":true,"href":"https:\/\/relajatuvida.com\/index.php\/wp-json\/wp\/v2\/comments?post=5064"}],"wp:featuredmedia":[{"embeddable":true,"href":"https:\/\/relajatuvida.com\/index.php\/wp-json\/wp\/v2\/media\/5093"}],"wp:attachment":[{"href":"https:\/\/relajatuvida.com\/index.php\/wp-json\/wp\/v2\/media?parent=5064"}],"wp:term":[{"taxonomy":"product_brand","embeddable":true,"href":"https:\/\/relajatuvida.com\/index.php\/wp-json\/wp\/v2\/product_brand?post=5064"},{"taxonomy":"product_cat","embeddable":true,"href":"https:\/\/relajatuvida.com\/index.php\/wp-json\/wp\/v2\/product_cat?post=5064"},{"taxonomy":"product_tag","embeddable":true,"href":"https:\/\/relajatuvida.com\/index.php\/wp-json\/wp\/v2\/product_tag?post=5064"}],"curies":[{"name":"wp","href":"https:\/\/api.w.org\/{rel}","templated":true}]}}